{"id":21,"date":"2013-01-02T09:26:20","date_gmt":"2013-01-02T07:26:20","guid":{"rendered":"http:\/\/www.irdemdenizcilik.com\/?page_id=21"},"modified":"2014-12-10T23:15:53","modified_gmt":"2014-12-10T21:15:53","slug":"referanslarimiz","status":"publish","type":"page","link":"https:\/\/www.irdemdenizcilik.com\/en\/referanslarimiz","title":{"rendered":"REFERANSLARIMIZ"},"content":{"rendered":"<p>There are some work listed as follow that we have completed successfully<\/p>\n<p>Firmam\u0131z 1999-2008 y\u0131llar\u0131 aras\u0131nda Yard\u0131mc\u0131 Tersanesinde 22 projenin, 2006-2008 y\u0131llar\u0131 aras\u0131nda T\u00fcrkter Tersanesinde 2 projenin \u00fcst bina ve k\u0131\u00e7 kasaralar\u0131n\u0131n \u00e7elik i\u015flerini yapm\u0131\u015ft\u0131r.<\/p>\n<p>2008 y\u0131l\u0131ndan itibaren Be\u015fikta\u015f Tersanesinde 13 ayr\u0131 projenin muhtelif bloklar\u0131n\u0131n \u00e7elik i\u015flerini yapm\u0131\u015ft\u0131r.<\/p>\n<table width=\"631\">\n<tbody>\n<tr>\n<td width=\"262\">Project Type<\/td>\n<td width=\"76\">Project Number<\/td>\n<td width=\"293\">Parts of ship<\/td>\n<\/tr>\n<tr>\n<td width=\"262\">18.000 DWT Chemical Tanker<\/td>\n<td width=\"76\">NB 44<\/td>\n<td width=\"293\">\u00dcst bina ve baca (270 Ton)<\/td>\n<\/tr>\n<tr>\n<td width=\"262\">3.300 m<sup>3<\/sup> LPG Carrier<\/td>\n<td width=\"76\">NB 09<\/td>\n<td width=\"293\">\u00dcst bina, kasara ve baca (160 Ton)<\/td>\n<\/tr>\n<tr>\n<td width=\"262\">OilRecoveryVessel<\/td>\n<td width=\"76\">NB 22<\/td>\n<td width=\"293\">Komple \u00e7elik in\u015fa,Te\u00e7hiz ve donat\u0131m i\u015fleri<\/td>\n<\/tr>\n<tr>\n<td width=\"262\">7.000 DWT River\/SeaTypeOil Tanker<\/td>\n<td width=\"76\">NB 13<\/td>\n<td width=\"293\">\u00dcst bina, kasara ve baca (220 Ton)<\/td>\n<\/tr>\n<tr>\n<td width=\"262\">Workboat<\/td>\n<td width=\"76\">NB 25<\/td>\n<td width=\"293\">Komple \u00e7elik in\u015fa, Te\u00e7hiz ve donat\u0131m i\u015fleri<\/td>\n<\/tr>\n<tr>\n<td width=\"262\">7.000 DWT River\/SeaTypeOil Tanker<\/td>\n<td width=\"76\">NB 06<\/td>\n<td width=\"293\">\u00dcst bina, kasara ve baca (220 Ton)<\/td>\n<\/tr>\n<tr>\n<td width=\"262\">7.000 DWT River\/SeaTypeOil Tanker<\/td>\n<td width=\"76\">NB 17<\/td>\n<td width=\"293\">\u00dcst bina, kasara ve baca (220 Ton)<\/td>\n<\/tr>\n<tr>\n<td width=\"262\">Transport &amp; Mounting Barge<\/td>\n<td width=\"76\">NB 29<\/td>\n<td width=\"293\">Blok imalat\u0131 (300 Ton) ve K\u0131zakta Blok Birle\u015ftirme (1300 Ton)<\/td>\n<\/tr>\n<tr>\n<td width=\"262\">9.000 m<sup>3<\/sup> LEG Carrier<\/td>\n<td width=\"76\">NB 11<\/td>\n<td width=\"293\">\u00dcst bina ve baca (170 Ton)<\/td>\n<\/tr>\n<tr>\n<td width=\"262\">7.000 DWT River\/SeaTypeOil Tanker<\/td>\n<td width=\"76\">NB 18<\/td>\n<td width=\"293\">\u00dcst bina, kasara ve baca (140 Ton)<\/td>\n<\/tr>\n<tr>\n<td width=\"262\">ST135-L Pelagic Trawler<\/td>\n<td width=\"76\">NB 32<\/td>\n<td width=\"293\">\u00dcst bina, baca ve blok imalat ve montaj\u0131<\/td>\n<\/tr>\n<tr>\n<td width=\"262\">ST204 Seismic Support Vessel<\/td>\n<td width=\"76\">NB 33<\/td>\n<td width=\"293\">\u00dcst bina, baca ve blok imalat ve montaj\u0131<\/td>\n<\/tr>\n<\/tbody>\n<\/table>","protected":false},"excerpt":{"rendered":"<p>\u0130RDEM DEN\u0130ZC\u0130L\u0130K 1999 y\u0131l\u0131ndan beri sekt\u00f6re hizmet vermektedir. 1999-2004 y\u0131llar\u0131 aras\u0131nda \u0130rdem Denizcilik (\u015fah\u0131s firmas\u0131 ) 2004 y\u0131l\u0131ndan itibaren \u0130rdem Denizcilik Gemi \u0130n\u015fa Limited \u015eirketi olarak devam etmektedir. Firmam\u0131z 1999-2008 y\u0131llar\u0131 aras\u0131nda Yard\u0131mc\u0131 Tersanesinde 22 projenin, 2006-2008 y\u0131llar\u0131 aras\u0131nda T\u00fcrkter &hellip;<\/p>","protected":false},"author":1,"featured_media":0,"parent":0,"menu_order":0,"comment_status":"closed","ping_status":"closed","template":"","meta":[],"_links":{"self":[{"href":"https:\/\/www.irdemdenizcilik.com\/en\/wp-json\/wp\/v2\/pages\/21"}],"collection":[{"href":"https:\/\/www.irdemdenizcilik.com\/en\/wp-json\/wp\/v2\/pages"}],"about":[{"href":"https:\/\/www.irdemdenizcilik.com\/en\/wp-json\/wp\/v2\/types\/page"}],"author":[{"embeddable":true,"href":"https:\/\/www.irdemdenizcilik.com\/en\/wp-json\/wp\/v2\/users\/1"}],"replies":[{"embeddable":true,"href":"https:\/\/www.irdemdenizcilik.com\/en\/wp-json\/wp\/v2\/comments?post=21"}],"version-history":[{"count":0,"href":"https:\/\/www.irdemdenizcilik.com\/en\/wp-json\/wp\/v2\/pages\/21\/revisions"}],"wp:attachment":[{"href":"https:\/\/www.irdemdenizcilik.com\/en\/wp-json\/wp\/v2\/media?parent=21"}],"curies":[{"name":"wp","href":"https:\/\/api.w.org\/{rel}","templated":true}]}}