{"id":2,"date":"2013-01-01T19:14:54","date_gmt":"2013-01-01T19:14:54","guid":{"rendered":"http:\/\/www.irdemdenizcilik.com\/?page_id=2"},"modified":"2016-05-08T21:40:04","modified_gmt":"2016-05-08T18:40:04","slug":"hakkimizda","status":"publish","type":"page","link":"https:\/\/www.irdemdenizcilik.com\/en\/hakkimizda","title":{"rendered":"About Us"},"content":{"rendered":"<p>Our company, Since 1999, it has been providing new shipbuilding and repair service , port, pier and services in the maritime sector  as well as steel construction warehouse and factory construction.<\/p>\n<p>In the shipyards and construction areas ,we work in, we help to complete the project in a healthy and fastly in coordination with other companies. Our company has completed 69 projects in YARDIMCI Shipyard, T\u00dcRKTER Shipyard, BE\u015e\u0130KTA\u015e Shipyards, Pendik Military Shipyard, Sefine Shipyard and Ada Shipyard,<\/p>\n<p>Also our company has also completed steel construction factory and warehouse installation, silo tank construction, pier and port construction projects.<\/p>\n<p>As an \u0130RDEM DEN\u0130ZC\u0130L\u0130K , we have achieved a considerable success in the sector by delivering all the work we have done so far on time and without any problems. Our continuous work in the shipyards and construction sites we work with is a proof of our success.<\/p>\n<p>&#8221;\u00a0<strong>\"WE KNOW THE IMPORTANCE AND VALUE OF THE SECTOR WE WORK IN \"<\/strong><\/p>","protected":false},"excerpt":{"rendered":"<p>\u0130RDEM DEN\u0130ZC\u0130L\u0130K GEM\u0130 \u0130N\u015eA TUR. GIDA SAN. VE \u00a0T\u0130C. LTD. \u015eT\u0130 \u00a01999 y\u0131l\u0131ndan \u00a0beri sekt\u00f6rde hizmet vermektedir. Denizcilik sekt\u00f6r\u00fcnde, s\u0131f\u0131r gemi in\u015fas\u0131nda ve tamir hizmetlerini vermektedir. Kuru y\u00fck gemileri,\u00a0kargo gemilerinin ve kimyasal tankerlerin in\u015fas\u0131nda 1999 y\u0131l\u0131ndan g\u00fcn\u00fcm\u00fcze kadar olu\u015fan\u00a0tecr\u00fcbe ve &hellip;<\/p>","protected":false},"author":1,"featured_media":0,"parent":0,"menu_order":0,"comment_status":"open","ping_status":"open","template":"","meta":[],"_links":{"self":[{"href":"https:\/\/www.irdemdenizcilik.com\/en\/wp-json\/wp\/v2\/pages\/2"}],"collection":[{"href":"https:\/\/www.irdemdenizcilik.com\/en\/wp-json\/wp\/v2\/pages"}],"about":[{"href":"https:\/\/www.irdemdenizcilik.com\/en\/wp-json\/wp\/v2\/types\/page"}],"author":[{"embeddable":true,"href":"https:\/\/www.irdemdenizcilik.com\/en\/wp-json\/wp\/v2\/users\/1"}],"replies":[{"embeddable":true,"href":"https:\/\/www.irdemdenizcilik.com\/en\/wp-json\/wp\/v2\/comments?post=2"}],"version-history":[{"count":0,"href":"https:\/\/www.irdemdenizcilik.com\/en\/wp-json\/wp\/v2\/pages\/2\/revisions"}],"wp:attachment":[{"href":"https:\/\/www.irdemdenizcilik.com\/en\/wp-json\/wp\/v2\/media?parent=2"}],"curies":[{"name":"wp","href":"https:\/\/api.w.org\/{rel}","templated":true}]}}