{"id":17,"date":"2013-01-02T00:14:14","date_gmt":"2013-01-01T22:14:14","guid":{"rendered":"http:\/\/www.irdemdenizcilik.com\/?page_id=17"},"modified":"2014-05-01T11:53:43","modified_gmt":"2014-05-01T08:53:43","slug":"iletisim","status":"publish","type":"page","link":"https:\/\/www.irdemdenizcilik.com\/en\/iletisim","title":{"rendered":"\u0130LET\u0130\u015e\u0130M"},"content":{"rendered":"<h1>\u0130RDEM DEN\u0130ZC\u0130L\u0130K GEM\u0130 \u0130N\u015eA LTD. \u015eT\u0130.<\/h1>\n<p>&nbsp;<\/p>\n<p><span style=\"color: #000000;\">ADRES :Evliya \u00c7elebi Mah. Sevgi Sk. Ka\u00e7kar Manolya Sitesi E-Blok D: 1 Tuzla \/ \u0130stanbul\u00a0<\/span><\/p>\n<p>Phone : 0532 330 66 73<\/p>\n<p><span style=\"color: #000000;\">Tel: 0216 395 45 88 <\/span><\/p>\n<p><span style=\"color: #000000;\">Fax: 0216 447 32 02 <\/span><\/p>\n<p><span style=\"color: #000000;\">info@irdemdenizcilik.com<\/span><\/p>\n<p>www.irdemdenizcilik.com<\/p>","protected":false},"excerpt":{"rendered":"<p>\u0130RDEM DEN\u0130ZC\u0130L\u0130K GEM\u0130 \u0130N\u015eA LTD. \u015eT\u0130. &nbsp; ADRES :Evliya \u00c7elebi Mah. Sevgi Sk. Ka\u00e7kar Manolya Sitesi E-Blok D: 1 Tuzla \/ \u0130stanbul\u00a0 GSM: 0532 330 66 73 Tel: 0216 395 45 88 Fax: 0216 447 32 02 info@irdemdenizcilik.com www.irdemdenizcilik.com<\/p>","protected":false},"author":1,"featured_media":0,"parent":0,"menu_order":0,"comment_status":"closed","ping_status":"closed","template":"","meta":[],"_links":{"self":[{"href":"https:\/\/www.irdemdenizcilik.com\/en\/wp-json\/wp\/v2\/pages\/17"}],"collection":[{"href":"https:\/\/www.irdemdenizcilik.com\/en\/wp-json\/wp\/v2\/pages"}],"about":[{"href":"https:\/\/www.irdemdenizcilik.com\/en\/wp-json\/wp\/v2\/types\/page"}],"author":[{"embeddable":true,"href":"https:\/\/www.irdemdenizcilik.com\/en\/wp-json\/wp\/v2\/users\/1"}],"replies":[{"embeddable":true,"href":"https:\/\/www.irdemdenizcilik.com\/en\/wp-json\/wp\/v2\/comments?post=17"}],"version-history":[{"count":0,"href":"https:\/\/www.irdemdenizcilik.com\/en\/wp-json\/wp\/v2\/pages\/17\/revisions"}],"wp:attachment":[{"href":"https:\/\/www.irdemdenizcilik.com\/en\/wp-json\/wp\/v2\/media?parent=17"}],"curies":[{"name":"wp","href":"https:\/\/api.w.org\/{rel}","templated":true}]}}