{"id":160,"date":"2013-01-02T19:57:06","date_gmt":"2013-01-02T17:57:06","guid":{"rendered":"http:\/\/www.irdemdenizcilik.com\/?page_id=160"},"modified":"2019-11-16T23:08:03","modified_gmt":"2019-11-16T20:08:03","slug":"video-galeri","status":"publish","type":"page","link":"https:\/\/www.irdemdenizcilik.com\/en\/video-galeri","title":{"rendered":"Videos"},"content":{"rendered":"<p>\u00c7al\u0131\u015fmalar\u0131m\u0131zdan videolar<br \/>\n<iframe width=\"560\" height=\"315\" src=\"https:\/\/www.youtube.com\/embed\/rFPd7kLGr7o\" frameborder=\"0\" allow=\"accelerometer; autoplay; encrypted-media; gyroscope; picture-in-picture\" allowfullscreen><\/iframe><br \/>\nPalmali &#8211; Bakhtiyar Vahabzade 24.05.12 (Kaptan K\u00f6\u015fk\u00fc, ya\u015fam mahali , baca ve k\u0131\u00e7 kasara i\u015fleri \u0130rdem Denizcilik \u00a0taraf\u0131ndan yap\u0131lm\u0131\u015ft\u0131r.)<br \/>\n<iframe width=\"560\" height=\"315\" frameborder=\"0\" src=\"http:\/\/www.youtube.com\/embed\/a5qNzfrdX5o\"><\/iframe><\/p>\n<p>PALMALI GOBUSTAN GEM\u0130 \u0130ND\u0130RME T\u00d6REN\u0130\u00a0(Kaptan K\u00f6\u015fk\u00fc, ya\u015fam mahali , baca ve k\u0131\u00e7 kasara i\u015fleri \u0130rdem Denizcilik \u00a0taraf\u0131ndan yap\u0131lm\u0131\u015ft\u0131r.)<br \/>\n<iframe width=\"560\" height=\"315\" frameborder=\"0\" src=\"http:\/\/www.youtube.com\/embed\/VkM8uNXgD0I\"><\/iframe><br \/>\nPalmali &#8211; Lerik 24.06.2011 tarihinde &#8221; Lerik &#8221; Gemisinin indirme t\u00f6reni Yalova Be\u015fikta\u015f Tersanesinde ba\u015far\u0131 ile gercekle\u015ftirilmi\u015ftir.\u00a0(Kaptan K\u00f6\u015fk\u00fc, ya\u015fam mahali , baca ve k\u0131\u00e7 kasara i\u015fleri \u0130rdem Denizcilik \u00a0taraf\u0131ndan yap\u0131lm\u0131\u015ft\u0131r.)<br \/>\n<iframe width=\"560\" height=\"315\" frameborder=\"0\" src=\"http:\/\/www.youtube.com\/embed\/5X9jVrypYZ0\"><\/iframe><br \/>\nPalmali \u015eirketler Grubu taraf\u0131ndan, Be\u015fikta\u015f Tersanesi&#8217;nde yapt\u0131r\u0131lan &#8221;Captain Nagdaliyev&#8221; adl\u0131 petrol tankeri t\u00f6renle denize indirildi.04 \u015eubat 2011\u00a0(Kaptan K\u00f6\u015fk\u00fc, ya\u015fam mahali , baca ve k\u0131\u00e7 kasara i\u015fleri \u0130rdem Denizcilik \u00a0taraf\u0131ndan yap\u0131lm\u0131\u015ft\u0131r.)<\/p>\n<p><iframe width=\"420\" height=\"315\" frameborder=\"0\" src=\"http:\/\/www.youtube.com\/embed\/xHE8povIOxY\"><\/iframe><br \/>\nMubariz Ibrahmiov 2011\u00a0(Kaptan K\u00f6\u015fk\u00fc, ya\u015fam mahali , baca ve k\u0131\u00e7 kasara i\u015fleri \u0130rdem Denizcilik \u00a0taraf\u0131ndan yap\u0131lm\u0131\u015ft\u0131r.)<br \/>\n<iframe width=\"560\" height=\"315\" frameborder=\"0\" src=\"http:\/\/www.youtube.com\/embed\/i8a5bg6k1vk\"><\/iframe><\/p>","protected":false},"excerpt":{"rendered":"<p>\u00c7al\u0131\u015fmalar\u0131m\u0131zdan videolar Palmali &#8211; Bakhtiyar Vahabzade 24.05.12 (Kaptan K\u00f6\u015fk\u00fc, ya\u015fam mahali , baca ve k\u0131\u00e7 kasara i\u015fleri \u0130rdem Denizcilik \u00a0taraf\u0131ndan yap\u0131lm\u0131\u015ft\u0131r.) PALMALI GOBUSTAN GEM\u0130 \u0130ND\u0130RME T\u00d6REN\u0130\u00a0(Kaptan K\u00f6\u015fk\u00fc, ya\u015fam mahali , baca ve k\u0131\u00e7 kasara i\u015fleri \u0130rdem Denizcilik \u00a0taraf\u0131ndan yap\u0131lm\u0131\u015ft\u0131r.) Palmali &hellip;<\/p>","protected":false},"author":1,"featured_media":0,"parent":0,"menu_order":0,"comment_status":"open","ping_status":"open","template":"","meta":[],"_links":{"self":[{"href":"https:\/\/www.irdemdenizcilik.com\/en\/wp-json\/wp\/v2\/pages\/160"}],"collection":[{"href":"https:\/\/www.irdemdenizcilik.com\/en\/wp-json\/wp\/v2\/pages"}],"about":[{"href":"https:\/\/www.irdemdenizcilik.com\/en\/wp-json\/wp\/v2\/types\/page"}],"author":[{"embeddable":true,"href":"https:\/\/www.irdemdenizcilik.com\/en\/wp-json\/wp\/v2\/users\/1"}],"replies":[{"embeddable":true,"href":"https:\/\/www.irdemdenizcilik.com\/en\/wp-json\/wp\/v2\/comments?post=160"}],"version-history":[{"count":0,"href":"https:\/\/www.irdemdenizcilik.com\/en\/wp-json\/wp\/v2\/pages\/160\/revisions"}],"wp:attachment":[{"href":"https:\/\/www.irdemdenizcilik.com\/en\/wp-json\/wp\/v2\/media?parent=160"}],"curies":[{"name":"wp","href":"https:\/\/api.w.org\/{rel}","templated":true}]}}